{"id":2140,"date":"2022-04-29T22:54:17","date_gmt":"2022-04-29T22:54:17","guid":{"rendered":"https:\/\/incalpro.com.co\/?page_id=2140"},"modified":"2022-05-21T14:48:17","modified_gmt":"2022-05-21T14:48:17","slug":"politica-tratamientos-de-datos","status":"publish","type":"page","link":"https:\/\/incalpro.com.co\/index.php\/politica-tratamientos-de-datos\/","title":{"rendered":"Pol\u00edtica tratamientos de datos"},"content":{"rendered":"\t\t<div data-elementor-type=\"wp-page\" data-elementor-id=\"2140\" class=\"elementor elementor-2140\">\n\t\t\t\t\t\t<section class=\"elementor-section elementor-top-section elementor-element elementor-element-9db82fa elementor-section-height-min-height elementor-section-boxed elementor-section-height-default elementor-section-items-middle\" data-id=\"9db82fa\" data-element_type=\"section\" data-settings=\"{&quot;background_background&quot;:&quot;classic&quot;}\">\n\t\t\t\t\t\t\t<div class=\"elementor-background-overlay\"><\/div>\n\t\t\t\t\t\t\t<div class=\"elementor-container elementor-column-gap-default\">\n\t\t\t\t\t<div class=\"elementor-column elementor-col-100 elementor-top-column elementor-element elementor-element-bd00322\" data-id=\"bd00322\" data-element_type=\"column\">\n\t\t\t<div class=\"elementor-widget-wrap elementor-element-populated\">\n\t\t\t\t\t\t<div class=\"elementor-element elementor-element-db7431f elementor-widget elementor-widget-heading\" data-id=\"db7431f\" data-element_type=\"widget\" data-widget_type=\"heading.default\">\n\t\t\t\t<div class=\"elementor-widget-container\">\n\t\t\t\t\t<h1 class=\"elementor-heading-title elementor-size-default\">Pol\u00edtica de tratamientos de datos.<\/h1>\t\t\t\t<\/div>\n\t\t\t\t<\/div>\n\t\t\t\t\t<\/div>\n\t\t<\/div>\n\t\t\t\t\t<\/div>\n\t\t<\/section>\n\t\t\t\t<section class=\"elementor-section elementor-top-section elementor-element elementor-element-93bea7e elementor-section-boxed elementor-section-height-default elementor-section-height-default\" data-id=\"93bea7e\" data-element_type=\"section\">\n\t\t\t\t\t\t<div class=\"elementor-container elementor-column-gap-default\">\n\t\t\t\t\t<div class=\"elementor-column elementor-col-100 elementor-top-column elementor-element elementor-element-345d1af\" data-id=\"345d1af\" data-element_type=\"column\">\n\t\t\t<div class=\"elementor-widget-wrap elementor-element-populated\">\n\t\t\t\t\t\t<div class=\"elementor-element elementor-element-7203c1d elementor-widget elementor-widget-text-editor\" data-id=\"7203c1d\" data-element_type=\"widget\" data-widget_type=\"text-editor.default\">\n\t\t\t\t<div class=\"elementor-widget-container\">\n\t\t\t\t\t\t\t\t\t<p>OBJETIVO:<\/p><p>Establecer los criterios para la recolecci\u00f3n, almacenamiento, uso, circulaci\u00f3n y supresi\u00f3n de los datos personales tratados por Incalpro Procesos Industriales de Caldas.<\/p><p>ALCANCE:<\/p><p>Esta pol\u00edtica aplica para toda la informaci\u00f3n personal registrada en las bases de datos de Incalpro Procesos Industriales de Caldas, quien act\u00faa en calidad de responsable del tratamiento de los datos personales.<\/p><p>OBLIGACIONES:<\/p><p>Esta pol\u00edtica es de obligatorio y estricto cumplimiento para Incalpro Procesos Industriales de Caldas.<\/p><p>RESPONSABLE DEL TRATAMIENTO:<\/p><p>Incalpro Procesos Industriales de Caldas, sociedad comercial legalmente constituida, identificada con el NIT 75.084.012-1, con domicilio principal en la Cra 1 N\u00b0 15-38 Bodega 1, barrio la porte\u00f1a, de la ciudad de Villamar\u00eda, Caldas, Colombia. P\u00e1gina https:\/\/incalpro.com.co\/ \u00a0Tel\u00e9fono 606 879 28 71 en la ciudad de Villamar\u00eda, Caldas.<\/p><p>TRATAMIENTO Y FINALIDAD:<\/p><p>El tratamiento que realizar\u00e1 Incalpro Procesos Industriales de Caldas con la informaci\u00f3n personal ser\u00e1 el siguiente:<\/p><p>La recolecci\u00f3n, almacenamiento, uso, circulaci\u00f3n de los datos recogidos ser\u00e1n tratados con la finalidad de prestar los servicios ofrecidos a trav\u00e9s de la web o atender otros tipos de relaciones que puedan surgir con Incalpro Procesos Industriales de Caldas, como consecuencia de las solicitudes, gestiones o tr\u00e1mites que el Usuario realice mediante la web. Los datos objeto de tratamiento ser\u00e1n aquellos que nos facilite a trav\u00e9s de los formularios que en cada momento contenga la p\u00e1gina o a trav\u00e9s de los correos electr\u00f3nicos que el Usuario dirija a las direcciones de correo electr\u00f3nico identificadas en la misma, as\u00ed como aquellos otros que se generen durante el mantenimiento de la relaci\u00f3n correspondiente. Adicionalmente, durante dicha recogida de datos, es posible que se solicite su consentimiento para otra serie de finalidades que no guardan una relaci\u00f3n directa con el servicio o la relaci\u00f3n correspondiente.<\/p><p>DERECHOS DE LOS TITULARES:<\/p><p>Como titular de sus datos personales Usted tiene derecho a:<\/p><p>(i)\u00a0 Acceder de forma gratuita a los datos proporcionados que hayan sido objeto de tratamiento.<\/p><p>(ii) Conocer, actualizar y rectificar su informaci\u00f3n frente a datos parciales, inexactos, incompletos, fraccionados, que induzcan a error, o aquellos cuyo tratamiento est\u00e9 prohibido o no haya sido autorizado.<\/p><p>(iii) Solicitar prueba de la autorizaci\u00f3n otorgada.<\/p><p>(iv) Presentar ante la Superintendencia de Industria y Comercio (SIC)<\/p><p>quejas por infracciones a lo dispuesto en la normatividad vigente.<\/p><p>(v) Revocar la autorizaci\u00f3n y\/o solicitar la supresi\u00f3n del dato, siempre que no exista un deber legal o contractual que impida eliminarlos.<\/p><p>ATENCI\u00d3N DE PETICIONES, CONSULTAS Y RECLAMOS<\/p><p>El \u00e1rea de servicio al cliente, liderada por Vanessa Arcila Mar\u00edn, es la dependencia que est\u00e1 a cargo dar tr\u00e1mite a las solicitudes de los titulares para hacer efectivos sus derechos.<\/p><p>Los canales implementados por Incalpro para la atenci\u00f3n de peticiones, consultas y reclamos son los siguientes:<\/p><ul><li>P\u00e1gina de contacto en el sitio web de Incalpro Procesos Industriales de Caldas <a href=\"https:\/\/incalpro.com.co\/index.php\/contact\/\">https:\/\/incalpro.com.co\/index.php\/contact\/<\/a><\/li><li>Correo electr\u00f3nico: <a href=\"mailto:servicioalcliente@incalpro.com.co\">servicioalcliente@incalpro.com.co<\/a><\/li><\/ul><p>PROCEDIMIENTO PARA EL EJERCICIO DEL DERECHO DE HABEAS DATA<\/p><p>En cumplimiento de las normas sobre protecci\u00f3n de datos personales, Incalpro Procesos Industriales de Caldas presenta el procedimiento y requisitos m\u00ednimos para el ejercicio de sus derechos:<\/p><p>Para la radicaci\u00f3n y atenci\u00f3n de su solicitud le solicitamos suministrar la siguiente informaci\u00f3n:<\/p><ul><li>Nombre completo y apellidos<\/li><li>Datos de contacto (Direcci\u00f3n f\u00edsica y\/o electr\u00f3nica y tel\u00e9fonos de contacto),<\/li><li>Medios para recibir respuesta a su solicitud,<\/li><li>Motivo(s)\/hecho(s) que dan lugar al reclamo con una breve descripci\u00f3n del derecho que desea ejercer (conocer, actualizar, rectificar, solicitar prueba de la autorizaci\u00f3n otorgada, revocarla, suprimir, acceder a la informaci\u00f3n)<\/li><li>Firma (si aplica) y n\u00famero de identificaci\u00f3n.<\/li><\/ul><p>El t\u00e9rmino m\u00e1ximo previsto por la ley para resolver su reclamaci\u00f3n es de quince (15) d\u00edas h\u00e1biles, contado a partir del d\u00eda siguiente a la fecha de su recibo. Cuando no fuere posible atender el reclamo dentro de dicho t\u00e9rmino, Incalpro Procesos Industriales de Caldas informar\u00e1 al interesado los motivos de la demora y la fecha en que se atender\u00e1 su reclamo, la cual en ning\u00fan caso podr\u00e1 superar los ocho (8) d\u00edas h\u00e1biles siguientes al vencimiento del primer t\u00e9rmino.<\/p><p>Una vez cumplidos los t\u00e9rminos se\u00f1alados por la Ley 1581 de 2012 y las dem\u00e1s normas que la reglamenten o complementen, el Titular al que se deniegue, total o parcialmente, el ejercicio de los derechos de acceso, actualizaci\u00f3n, rectificaci\u00f3n, supresi\u00f3n y revocaci\u00f3n, podr\u00e1 poner su caso en conocimiento de la Superintendencia de Industria y Comercio \u2013Delegatura para la Protecci\u00f3n de Datos Personales-.<\/p><p>VIGENCIA:<\/p><p>La presente Pol\u00edtica para el Tratamiento de Datos Personales rige a partir del 25 de abril de 2022.<\/p><p>Las bases de datos en las que se registrar\u00e1n los datos personales tendr\u00e1n una vigencia igual al tiempo en que se mantenga y utilice la informaci\u00f3n para las finalidades descritas en esta pol\u00edtica. Una vez se cumpla(n) esa(s) finalidad(es) y siempre que no exista un deber legal o contractual de conservar su informaci\u00f3n, sus datos ser\u00e1n eliminados de nuestras bases de datos.<\/p><p>\u00a0<\/p>\t\t\t\t\t\t\t\t<\/div>\n\t\t\t\t<\/div>\n\t\t\t\t\t<\/div>\n\t\t<\/div>\n\t\t\t\t\t<\/div>\n\t\t<\/section>\n\t\t\t\t<\/div>\n\t\t","protected":false},"excerpt":{"rendered":"<p>Pol\u00edtica de tratamientos de datos. OBJETIVO: Establecer los criterios para la recolecci\u00f3n, almacenamiento, uso, circulaci\u00f3n y supresi\u00f3n de los datos personales tratados por Incalpro Procesos Industriales de Caldas. ALCANCE: Esta pol\u00edtica aplica para toda la informaci\u00f3n personal registrada en las bases de datos de Incalpro Procesos Industriales de Caldas, quien act\u00faa en calidad de responsable [&hellip;]<\/p>\n","protected":false},"author":2,"featured_media":0,"parent":0,"menu_order":0,"comment_status":"closed","ping_status":"closed","template":"elementor_header_footer","meta":{"om_disable_all_campaigns":false,"_monsterinsights_skip_tracking":false,"_monsterinsights_sitenote_active":false,"_monsterinsights_sitenote_note":"","_monsterinsights_sitenote_category":0,"_uf_show_specific_survey":0,"_uf_disable_surveys":false,"site-sidebar-layout":"no-sidebar","site-content-layout":"page-builder","ast-site-content-layout":"default","site-content-style":"default","site-sidebar-style":"default","ast-global-header-display":"","ast-banner-title-visibility":"","ast-main-header-display":"","ast-hfb-above-header-display":"","ast-hfb-below-header-display":"","ast-hfb-mobile-header-display":"","site-post-title":"disabled","ast-breadcrumbs-content":"","ast-featured-img":"disabled","footer-sml-layout":"","ast-disable-related-posts":"","theme-transparent-header-meta":"","adv-header-id-meta":"","stick-header-meta":"","header-above-stick-meta":"","header-main-stick-meta":"","header-below-stick-meta":"","astra-migrate-meta-layouts":"default","ast-page-background-enabled":"default","ast-page-background-meta":{"desktop":{"background-color":"var(--ast-global-color-4)","background-image":"","background-repeat":"repeat","background-position":"center center","background-size":"auto","background-attachment":"scroll","background-type":"","background-media":"","overlay-type":"","overlay-color":"","overlay-opacity":"","overlay-gradient":""},"tablet":{"background-color":"","background-image":"","background-repeat":"repeat","background-position":"center center","background-size":"auto","background-attachment":"scroll","background-type":"","background-media":"","overlay-type":"","overlay-color":"","overlay-opacity":"","overlay-gradient":""},"mobile":{"background-color":"","background-image":"","background-repeat":"repeat","background-position":"center center","background-size":"auto","background-attachment":"scroll","background-type":"","background-media":"","overlay-type":"","overlay-color":"","overlay-opacity":"","overlay-gradient":""}},"ast-content-background-meta":{"desktop":{"background-color":"var(--ast-global-color-5)","background-image":"","background-repeat":"repeat","background-position":"center center","background-size":"auto","background-attachment":"scroll","background-type":"","background-media":"","overlay-type":"","overlay-color":"","overlay-opacity":"","overlay-gradient":""},"tablet":{"background-color":"var(--ast-global-color-5)","background-image":"","background-repeat":"repeat","background-position":"center center","background-size":"auto","background-attachment":"scroll","background-type":"","background-media":"","overlay-type":"","overlay-color":"","overlay-opacity":"","overlay-gradient":""},"mobile":{"background-color":"var(--ast-global-color-5)","background-image":"","background-repeat":"repeat","background-position":"center center","background-size":"auto","background-attachment":"scroll","background-type":"","background-media":"","overlay-type":"","overlay-color":"","overlay-opacity":"","overlay-gradient":""}},"footnotes":""},"class_list":["post-2140","page","type-page","status-publish","hentry"],"aioseo_notices":[],"_links":{"self":[{"href":"https:\/\/incalpro.com.co\/index.php\/wp-json\/wp\/v2\/pages\/2140","targetHints":{"allow":["GET"]}}],"collection":[{"href":"https:\/\/incalpro.com.co\/index.php\/wp-json\/wp\/v2\/pages"}],"about":[{"href":"https:\/\/incalpro.com.co\/index.php\/wp-json\/wp\/v2\/types\/page"}],"author":[{"embeddable":true,"href":"https:\/\/incalpro.com.co\/index.php\/wp-json\/wp\/v2\/users\/2"}],"replies":[{"embeddable":true,"href":"https:\/\/incalpro.com.co\/index.php\/wp-json\/wp\/v2\/comments?post=2140"}],"version-history":[{"count":10,"href":"https:\/\/incalpro.com.co\/index.php\/wp-json\/wp\/v2\/pages\/2140\/revisions"}],"predecessor-version":[{"id":2159,"href":"https:\/\/incalpro.com.co\/index.php\/wp-json\/wp\/v2\/pages\/2140\/revisions\/2159"}],"wp:attachment":[{"href":"https:\/\/incalpro.com.co\/index.php\/wp-json\/wp\/v2\/media?parent=2140"}],"curies":[{"name":"wp","href":"https:\/\/api.w.org\/{rel}","templated":true}]}}